{"id":134,"date":"2024-03-13T21:19:12","date_gmt":"2024-03-13T12:19:12","guid":{"rendered":"https:\/\/chaguuma.com\/fr\/?page_id=134"},"modified":"2024-04-12T19:15:38","modified_gmt":"2024-04-12T10:15:38","slug":"club","status":"publish","type":"page","link":"https:\/\/chaguuma.com\/fr\/club\/","title":{"rendered":"Association"},"content":{"rendered":"\n<div class=\"wp-block-columns page-element is-layout-flex wp-container-core-columns-is-layout-9d6595d7 wp-block-columns-is-layout-flex\">\n<div class=\"wp-block-column is-layout-flow wp-block-column-is-layout-flow\">\n<p>L&#8217;association Chagu Chagu Umakko est compos\u00e9e de personnes impliqu\u00e9es dans les d\u00e9fil\u00e9s et de personnes qui \u00e9l\u00e8vent des chevaux. Autrefois, les chevaux de ferme jouaient un r\u00f4le essentiel dans la culture des champs, mais aujourd&#8217;hui, la plupart des labours sont effectu\u00e9s \u00e0 l&#8217;aide de tracteurs. Si l&#8217;av\u00e8nement de la technologie semble avoir enrichi la vie humaine, la r\u00e9alit\u00e9 est que plus la vie devient pratique, plus les contours de la culture et de la tradition locales s&#8217;estompent.<br>Afin de pr\u00e9server la tradition du Chagu Chagu Umakko, l&#8217;association s&#8217;engage dans des activit\u00e9s telles que l&#8217;\u00e9levage de chevaux de ferme, la transmission de comp\u00e9tences en mati\u00e8re de manipulation et de confection de costumes, et l&#8217;organisation d&#8217;\u00e9v\u00e9nements visant \u00e0 rapprocher les chevaux de la communaut\u00e9.\u00a0<\/p>\n<\/div>\n\n\n\n<div class=\"wp-block-column is-layout-flow wp-block-column-is-layout-flow\">\n<figure data-wp-context=\"{&quot;imageId&quot;:&quot;69e8cccc24535&quot;}\" data-wp-interactive=\"core\/image\" data-wp-key=\"69e8cccc24535\" class=\"wp-block-image size-full wp-lightbox-container\"><img loading=\"lazy\" decoding=\"async\" width=\"1000\" height=\"561\" data-wp-class--hide=\"state.isContentHidden\" data-wp-class--show=\"state.isContentVisible\" data-wp-init=\"callbacks.setButtonStyles\" data-wp-on--click=\"actions.showLightbox\" data-wp-on--load=\"callbacks.setButtonStyles\" data-wp-on-window--resize=\"callbacks.setButtonStyles\" src=\"https:\/\/chaguuma.com\/fr\/wp-content\/uploads\/2024\/03\/01club-top.webp\" alt=\"\u2460\u540c\u597d\u4f1a\u30c8\u30c3\u30d5\u309a\" class=\"wp-image-444\" srcset=\"https:\/\/chaguuma.com\/fr\/wp-content\/uploads\/2024\/03\/01club-top.webp 1000w, https:\/\/chaguuma.com\/fr\/wp-content\/uploads\/2024\/03\/01club-top-300x168.webp 300w, https:\/\/chaguuma.com\/fr\/wp-content\/uploads\/2024\/03\/01club-top-768x431.webp 768w\" sizes=\"auto, (max-width: 1000px) 100vw, 1000px\" \/><button\n\t\t\tclass=\"lightbox-trigger\"\n\t\t\ttype=\"button\"\n\t\t\taria-haspopup=\"dialog\"\n\t\t\taria-label=\"\u62e1\u5927\u3059\u308b\"\n\t\t\tdata-wp-init=\"callbacks.initTriggerButton\"\n\t\t\tdata-wp-on--click=\"actions.showLightbox\"\n\t\t\tdata-wp-style--right=\"state.imageButtonRight\"\n\t\t\tdata-wp-style--top=\"state.imageButtonTop\"\n\t\t>\n\t\t\t<svg xmlns=\"http:\/\/www.w3.org\/2000\/svg\" width=\"12\" height=\"12\" fill=\"none\" viewBox=\"0 0 12 12\">\n\t\t\t\t<path fill=\"#fff\" d=\"M2 0a2 2 0 0 0-2 2v2h1.5V2a.5.5 0 0 1 .5-.5h2V0H2Zm2 10.5H2a.5.5 0 0 1-.5-.5V8H0v2a2 2 0 0 0 2 2h2v-1.5ZM8 12v-1.5h2a.5.5 0 0 0 .5-.5V8H12v2a2 2 0 0 1-2 2H8Zm2-12a2 2 0 0 1 2 2v2h-1.5V2a.5.5 0 0 0-.5-.5H8V0h2Z\" \/>\n\t\t\t<\/svg>\n\t\t<\/button><\/figure>\n<\/div>\n<\/div>\n\n\n\n<div class=\"wp-block-columns page-element-box is-layout-flex wp-container-core-columns-is-layout-9d6595d7 wp-block-columns-is-layout-flex\">\n<div class=\"wp-block-column is-layout-flow wp-block-column-is-layout-flow\">\n<h2 class=\"wp-block-heading\">Les probl\u00e8mes auxquels nous sommes confront\u00e9s<\/h2>\n\n\n\n<p>L&#8217;\u00e9levage des chevaux de ferme implique diverses d\u00e9penses telles que le co\u00fbt de nourriture, la gestion de la sant\u00e9 (traitement et parage des sabots), le transport vers les p\u00e2turages ou les lieux d&#8217;\u00e9v\u00e9nements, le co\u00fbt des installations et de l&#8217;h\u00e9bergement, et les d\u00e9penses li\u00e9es \u00e0 la reproduction. Bien que les chevaux de ferme soient souvent per\u00e7us comme petits, ils sont en fait deux fois plus grands que les pur-sang, ce qui n\u00e9cessite des manieurs tr\u00e8s comp\u00e9tents pour les diriger. C&#8217;est une des raisons pour lesquelles le nombre de chevaux participant au Chagu Chagu Umakko diminue d&#8217;ann\u00e9e en ann\u00e9e.<\/p>\n<\/div>\n\n\n\n<div class=\"wp-block-column is-layout-flow wp-block-column-is-layout-flow\">\n<figure data-wp-context=\"{&quot;imageId&quot;:&quot;69e8cccc249e1&quot;}\" data-wp-interactive=\"core\/image\" data-wp-key=\"69e8cccc249e1\" class=\"wp-block-image size-full wp-lightbox-container\"><img loading=\"lazy\" decoding=\"async\" width=\"1000\" height=\"665\" data-wp-class--hide=\"state.isContentHidden\" data-wp-class--show=\"state.isContentVisible\" data-wp-init=\"callbacks.setButtonStyles\" data-wp-on--click=\"actions.showLightbox\" data-wp-on--load=\"callbacks.setButtonStyles\" data-wp-on-window--resize=\"callbacks.setButtonStyles\" src=\"https:\/\/chaguuma.com\/fr\/wp-content\/uploads\/2024\/03\/02club-inheritance.webp\" alt=\"\u2461\u99ac\u30b3\u306e\u7d99\u627f\u554f\u984c\" class=\"wp-image-445\" srcset=\"https:\/\/chaguuma.com\/fr\/wp-content\/uploads\/2024\/03\/02club-inheritance.webp 1000w, https:\/\/chaguuma.com\/fr\/wp-content\/uploads\/2024\/03\/02club-inheritance-300x200.webp 300w, https:\/\/chaguuma.com\/fr\/wp-content\/uploads\/2024\/03\/02club-inheritance-768x511.webp 768w\" sizes=\"auto, (max-width: 1000px) 100vw, 1000px\" \/><button\n\t\t\tclass=\"lightbox-trigger\"\n\t\t\ttype=\"button\"\n\t\t\taria-haspopup=\"dialog\"\n\t\t\taria-label=\"\u62e1\u5927\u3059\u308b\"\n\t\t\tdata-wp-init=\"callbacks.initTriggerButton\"\n\t\t\tdata-wp-on--click=\"actions.showLightbox\"\n\t\t\tdata-wp-style--right=\"state.imageButtonRight\"\n\t\t\tdata-wp-style--top=\"state.imageButtonTop\"\n\t\t>\n\t\t\t<svg xmlns=\"http:\/\/www.w3.org\/2000\/svg\" width=\"12\" height=\"12\" fill=\"none\" viewBox=\"0 0 12 12\">\n\t\t\t\t<path fill=\"#fff\" d=\"M2 0a2 2 0 0 0-2 2v2h1.5V2a.5.5 0 0 1 .5-.5h2V0H2Zm2 10.5H2a.5.5 0 0 1-.5-.5V8H0v2a2 2 0 0 0 2 2h2v-1.5ZM8 12v-1.5h2a.5.5 0 0 0 .5-.5V8H12v2a2 2 0 0 1-2 2H8Zm2-12a2 2 0 0 1 2 2v2h-1.5V2a.5.5 0 0 0-.5-.5H8V0h2Z\" \/>\n\t\t\t<\/svg>\n\t\t<\/button><\/figure>\n<\/div>\n<\/div>\n\n\n\n<div class=\"wp-block-columns page-element-box is-layout-flex wp-container-core-columns-is-layout-9d6595d7 wp-block-columns-is-layout-flex\">\n<div class=\"wp-block-column is-layout-flow wp-block-column-is-layout-flow\">\n<h2 class=\"wp-block-heading\">Rapprocher les gens et les chevaux<\/h2>\n\n\n\n<p>Outre le Chagu Chagu Umakko de juin, l&#8217;association organise divers \u00e9v\u00e9nements pour que les personnes de tous \u00e2ges d\u00e9couve la culture \u00e9questre de premi\u00e8re main.<\/p>\n\n\n\n<h3 class=\"wp-block-heading\">Les \u00e9v\u00e9nements d&#8217;Umakko<\/h3>\n\n\n\n<p>Chaque ann\u00e9e, le jour du Nouvel An, a lieu le Chagu Chagu Umakko hatsumode (premi\u00e8re visite de sanctuaire de l&#8217;ann\u00e9e), au cours duquel les participants visitent le point de d\u00e9part du d\u00e9fil\u00e9, le sanctuaire Onikoshi Sozen dans la ville de Takizawa. Des s\u00e9ances d&#8217;entra\u00eenement sont \u00e9galement organis\u00e9es pour rassembler les propri\u00e9taires de chevaux et leur transmettre des techniques. En d\u00e9cembre 2023, un \u00e9v\u00e9nement a \u00e9t\u00e9 organis\u00e9 pour permettre aux enfants de participer \u00e0 des descentes en luge sur tubes \u00e0 neige tir\u00e9es par des chevaux.<\/p>\n\n\n\n<p>\u00c0 la fin de mai 2023, un \u00e9v\u00e9nement a \u00e9t\u00e9 organis\u00e9 pour r\u00e9unir les chevaux de ferme participant au d\u00e9fil\u00e9 et les r\u00e9sidents locaux. Les participants ont eu l&#8217;occasion de d\u00e9couvrir le \u00ab Shirokaki \u00bb,\u00a0 qui consiste \u00e0 niveler les rizi\u00e8res avec de l&#8217;eau avant de les planter, ainsi que le \u00ab Basori \u00bb, ou tra\u00eeneau tir\u00e9 par des chevaux.<\/p>\n\n\n\n<h3 class=\"wp-block-heading\">Exp\u00e9rience de confection de costumes<\/h3>\n\n\n\n<p>Les costumes port\u00e9s par les chevaux Umakko sont tous fabriqu\u00e9s \u00e0 la main \u00e0 partir de lin. Chaque costume est r\u00e9alis\u00e9 avec le plus grand soin par les membres de l&#8217;association, mais des \u00e9v\u00e9nements sont \u00e9galement organis\u00e9s permettant au grand public de s&#8217;initier gratuitement \u00e0 la confection de costumes (co\u00fbt mat\u00e9riel \u00e0 la charge des participants).<\/p>\n\n\n\n<p>Dans le cadre des \u00e9v\u00e9nements locaux, il est pr\u00e9vu d&#8217;organiser des festivals interactifs au cours desquels les gens pourront s&#8217;entretenir avec les chevaux d&#8217;Umakko, et les efforts visant \u00e0 promouvoir le Chagu Chagu Umakko se poursuivront \u00e9galement \u00e0 l&#8217;avenir.<\/p>\n<\/div>\n\n\n\n<div class=\"wp-block-column is-layout-flow wp-block-column-is-layout-flow\">\n<figure data-wp-context=\"{&quot;imageId&quot;:&quot;69e8cccc24f00&quot;}\" data-wp-interactive=\"core\/image\" data-wp-key=\"69e8cccc24f00\" class=\"wp-block-image size-full wp-lightbox-container\"><img loading=\"lazy\" decoding=\"async\" width=\"1000\" height=\"557\" data-wp-class--hide=\"state.isContentHidden\" data-wp-class--show=\"state.isContentVisible\" data-wp-init=\"callbacks.setButtonStyles\" data-wp-on--click=\"actions.showLightbox\" data-wp-on--load=\"callbacks.setButtonStyles\" data-wp-on-window--resize=\"callbacks.setButtonStyles\" src=\"https:\/\/chaguuma.com\/fr\/wp-content\/uploads\/2024\/03\/03club-experience.webp\" alt=\"\u2462\u88c5\u675f\u4f5c\u308a\u4f53\u9a13\" class=\"wp-image-446\" srcset=\"https:\/\/chaguuma.com\/fr\/wp-content\/uploads\/2024\/03\/03club-experience.webp 1000w, https:\/\/chaguuma.com\/fr\/wp-content\/uploads\/2024\/03\/03club-experience-300x167.webp 300w, https:\/\/chaguuma.com\/fr\/wp-content\/uploads\/2024\/03\/03club-experience-768x428.webp 768w\" sizes=\"auto, (max-width: 1000px) 100vw, 1000px\" \/><button\n\t\t\tclass=\"lightbox-trigger\"\n\t\t\ttype=\"button\"\n\t\t\taria-haspopup=\"dialog\"\n\t\t\taria-label=\"\u62e1\u5927\u3059\u308b\"\n\t\t\tdata-wp-init=\"callbacks.initTriggerButton\"\n\t\t\tdata-wp-on--click=\"actions.showLightbox\"\n\t\t\tdata-wp-style--right=\"state.imageButtonRight\"\n\t\t\tdata-wp-style--top=\"state.imageButtonTop\"\n\t\t>\n\t\t\t<svg xmlns=\"http:\/\/www.w3.org\/2000\/svg\" width=\"12\" height=\"12\" fill=\"none\" viewBox=\"0 0 12 12\">\n\t\t\t\t<path fill=\"#fff\" d=\"M2 0a2 2 0 0 0-2 2v2h1.5V2a.5.5 0 0 1 .5-.5h2V0H2Zm2 10.5H2a.5.5 0 0 1-.5-.5V8H0v2a2 2 0 0 0 2 2h2v-1.5ZM8 12v-1.5h2a.5.5 0 0 0 .5-.5V8H12v2a2 2 0 0 1-2 2H8Zm2-12a2 2 0 0 1 2 2v2h-1.5V2a.5.5 0 0 0-.5-.5H8V0h2Z\" \/>\n\t\t\t<\/svg>\n\t\t<\/button><\/figure>\n<\/div>\n<\/div>\n\n\n\n<div class=\"wp-block-columns page-element is-layout-flex wp-container-core-columns-is-layout-9d6595d7 wp-block-columns-is-layout-flex\">\n<div class=\"wp-block-column is-layout-flow wp-block-column-is-layout-flow\">\n<h3 class=\"wp-block-heading\">Message de M. Kikuchi, pr\u00e9sident de l&#8217;association Nanbu Morioka Chagu Chagu Umakko<\/h3>\n\n\n\n<p>Chagu Chagu Umakko est un festival qui souhaite le bien-\u00eatre et la bonne sant\u00e9 des chevaux de ferme. Nous nous engageons \u00e0 pr\u00e9server la culture unique qui entoure les chevaux dans cette r\u00e9gion, car nous ne voulons pas la perdre. Afin d&#8217;augmenter les occasions d&#8217;interaction avec les chevaux de ferme, nous organisons et participons \u00e0 des \u00e9v\u00e9nements tout en poursuivant des activit\u00e9s visant \u00e0 assurer leur \u00e9panouissement. Nous appr\u00e9cions vivement votre soutien \u00e0 la pr\u00e9servation de Chagu Chagu Umakko pour l&#8217;avenir.<\/p>\n<\/div>\n\n\n\n<div class=\"wp-block-column is-layout-flow wp-block-column-is-layout-flow\">\n<figure data-wp-context=\"{&quot;imageId&quot;:&quot;69e8cccc253fe&quot;}\" data-wp-interactive=\"core\/image\" data-wp-key=\"69e8cccc253fe\" class=\"wp-block-image size-full wp-lightbox-container\"><img loading=\"lazy\" decoding=\"async\" width=\"1000\" height=\"667\" data-wp-class--hide=\"state.isContentHidden\" data-wp-class--show=\"state.isContentVisible\" data-wp-init=\"callbacks.setButtonStyles\" data-wp-on--click=\"actions.showLightbox\" data-wp-on--load=\"callbacks.setButtonStyles\" data-wp-on-window--resize=\"callbacks.setButtonStyles\" src=\"https:\/\/chaguuma.com\/fr\/wp-content\/uploads\/2024\/03\/04club-message.webp\" alt=\"\u2463\u83ca\u5730\u548c\u592b\u3055\u3093\u30e1\u30c3\u30bb\u30fc\u30b7\u3099\" class=\"wp-image-447\" srcset=\"https:\/\/chaguuma.com\/fr\/wp-content\/uploads\/2024\/03\/04club-message.webp 1000w, https:\/\/chaguuma.com\/fr\/wp-content\/uploads\/2024\/03\/04club-message-300x200.webp 300w, https:\/\/chaguuma.com\/fr\/wp-content\/uploads\/2024\/03\/04club-message-768x512.webp 768w\" sizes=\"auto, (max-width: 1000px) 100vw, 1000px\" \/><button\n\t\t\tclass=\"lightbox-trigger\"\n\t\t\ttype=\"button\"\n\t\t\taria-haspopup=\"dialog\"\n\t\t\taria-label=\"\u62e1\u5927\u3059\u308b\"\n\t\t\tdata-wp-init=\"callbacks.initTriggerButton\"\n\t\t\tdata-wp-on--click=\"actions.showLightbox\"\n\t\t\tdata-wp-style--right=\"state.imageButtonRight\"\n\t\t\tdata-wp-style--top=\"state.imageButtonTop\"\n\t\t>\n\t\t\t<svg xmlns=\"http:\/\/www.w3.org\/2000\/svg\" width=\"12\" height=\"12\" fill=\"none\" viewBox=\"0 0 12 12\">\n\t\t\t\t<path fill=\"#fff\" d=\"M2 0a2 2 0 0 0-2 2v2h1.5V2a.5.5 0 0 1 .5-.5h2V0H2Zm2 10.5H2a.5.5 0 0 1-.5-.5V8H0v2a2 2 0 0 0 2 2h2v-1.5ZM8 12v-1.5h2a.5.5 0 0 0 .5-.5V8H12v2a2 2 0 0 1-2 2H8Zm2-12a2 2 0 0 1 2 2v2h-1.5V2a.5.5 0 0 0-.5-.5H8V0h2Z\" \/>\n\t\t\t<\/svg>\n\t\t<\/button><\/figure>\n<\/div>\n<\/div>\n","protected":false},"excerpt":{"rendered":"<p>L&#8217;association Chagu Chagu Umakko est compos\u00e9e de personnes impliqu\u00e9es dans les d\u00e9fil\u00e9s et de personnes q [&hellip;]<\/p>\n","protected":false},"author":6,"featured_media":0,"parent":0,"menu_order":40,"comment_status":"closed","ping_status":"closed","template":"","meta":{"footnotes":""},"class_list":["post-134","page","type-page","status-publish","hentry"],"yoast_head":"<!-- This site is optimized with the Yoast SEO plugin v27.4 - https:\/\/yoast.com\/product\/yoast-seo-wordpress\/ -->\n<title>Association - Page d&#039;accueil officielle de la Soci\u00e9t\u00e9 de pr\u00e9servation de Chagu Chagu Umakko<\/title>\n<meta name=\"robots\" content=\"index, follow, max-snippet:-1, max-image-preview:large, max-video-preview:-1\" \/>\n<link rel=\"canonical\" href=\"https:\/\/chaguuma.com\/fr\/club\/\" \/>\n<meta property=\"og:locale\" content=\"ja_JP\" \/>\n<meta property=\"og:type\" content=\"article\" \/>\n<meta property=\"og:title\" content=\"Association - Page d&#039;accueil officielle de la Soci\u00e9t\u00e9 de pr\u00e9servation de Chagu Chagu Umakko\" \/>\n<meta property=\"og:description\" content=\"L&#8217;association Chagu Chagu Umakko est compos\u00e9e de personnes impliqu\u00e9es dans les d\u00e9fil\u00e9s et de personnes q [&hellip;]\" \/>\n<meta property=\"og:url\" content=\"https:\/\/chaguuma.com\/fr\/club\/\" \/>\n<meta property=\"og:site_name\" content=\"Page d&#039;accueil officielle de la Soci\u00e9t\u00e9 de pr\u00e9servation de Chagu Chagu Umakko\" \/>\n<meta property=\"article:modified_time\" content=\"2024-04-12T10:15:38+00:00\" \/>\n<meta property=\"og:image\" content=\"http:\/\/chaguuma.com\/fr\/wp-content\/uploads\/2024\/03\/01club-top.webp\" \/>\n<meta name=\"twitter:card\" content=\"summary_large_image\" \/>\n<meta name=\"twitter:label1\" content=\"\u63a8\u5b9a\u8aad\u307f\u53d6\u308a\u6642\u9593\" \/>\n\t<meta name=\"twitter:data1\" content=\"10\u5206\" \/>\n<script type=\"application\/ld+json\" class=\"yoast-schema-graph\">{\"@context\":\"https:\\\/\\\/schema.org\",\"@graph\":[{\"@type\":\"WebPage\",\"@id\":\"https:\\\/\\\/chaguuma.com\\\/fr\\\/club\\\/\",\"url\":\"https:\\\/\\\/chaguuma.com\\\/fr\\\/club\\\/\",\"name\":\"Association - Page d&#039;accueil officielle de la Soci\u00e9t\u00e9 de pr\u00e9servation de Chagu Chagu Umakko\",\"isPartOf\":{\"@id\":\"https:\\\/\\\/chaguuma.com\\\/fr\\\/#website\"},\"primaryImageOfPage\":{\"@id\":\"https:\\\/\\\/chaguuma.com\\\/fr\\\/club\\\/#primaryimage\"},\"image\":{\"@id\":\"https:\\\/\\\/chaguuma.com\\\/fr\\\/club\\\/#primaryimage\"},\"thumbnailUrl\":\"http:\\\/\\\/chaguuma.com\\\/fr\\\/wp-content\\\/uploads\\\/2024\\\/03\\\/01club-top.webp\",\"datePublished\":\"2024-03-13T12:19:12+00:00\",\"dateModified\":\"2024-04-12T10:15:38+00:00\",\"breadcrumb\":{\"@id\":\"https:\\\/\\\/chaguuma.com\\\/fr\\\/club\\\/#breadcrumb\"},\"inLanguage\":\"ja\",\"potentialAction\":[{\"@type\":\"ReadAction\",\"target\":[\"https:\\\/\\\/chaguuma.com\\\/fr\\\/club\\\/\"]}]},{\"@type\":\"ImageObject\",\"inLanguage\":\"ja\",\"@id\":\"https:\\\/\\\/chaguuma.com\\\/fr\\\/club\\\/#primaryimage\",\"url\":\"http:\\\/\\\/chaguuma.com\\\/fr\\\/wp-content\\\/uploads\\\/2024\\\/03\\\/01club-top.webp\",\"contentUrl\":\"http:\\\/\\\/chaguuma.com\\\/fr\\\/wp-content\\\/uploads\\\/2024\\\/03\\\/01club-top.webp\"},{\"@type\":\"BreadcrumbList\",\"@id\":\"https:\\\/\\\/chaguuma.com\\\/fr\\\/club\\\/#breadcrumb\",\"itemListElement\":[{\"@type\":\"ListItem\",\"position\":1,\"name\":\"premi\u00e8re page\",\"item\":\"https:\\\/\\\/chaguuma.com\\\/fr\\\/\"},{\"@type\":\"ListItem\",\"position\":2,\"name\":\"Association\"}]},{\"@type\":\"WebSite\",\"@id\":\"https:\\\/\\\/chaguuma.com\\\/fr\\\/#website\",\"url\":\"https:\\\/\\\/chaguuma.com\\\/fr\\\/\",\"name\":\"\u30c1\u30e3\u30b0\u30c1\u30e3\u30b0\u99ac\u30b3\u4fdd\u5b58\u4f1a\u516c\u5f0f\u30db\u30fc\u30e0\u30da\u30fc\u30b8\",\"description\":\"\",\"potentialAction\":[{\"@type\":\"SearchAction\",\"target\":{\"@type\":\"EntryPoint\",\"urlTemplate\":\"https:\\\/\\\/chaguuma.com\\\/fr\\\/?s={search_term_string}\"},\"query-input\":{\"@type\":\"PropertyValueSpecification\",\"valueRequired\":true,\"valueName\":\"search_term_string\"}}],\"inLanguage\":\"ja\"}]}<\/script>\n<!-- \/ Yoast SEO plugin. -->","yoast_head_json":{"title":"Association - Page d&#039;accueil officielle de la Soci\u00e9t\u00e9 de pr\u00e9servation de Chagu Chagu Umakko","robots":{"index":"index","follow":"follow","max-snippet":"max-snippet:-1","max-image-preview":"max-image-preview:large","max-video-preview":"max-video-preview:-1"},"canonical":"https:\/\/chaguuma.com\/fr\/club\/","og_locale":"ja_JP","og_type":"article","og_title":"Association - Page d&#039;accueil officielle de la Soci\u00e9t\u00e9 de pr\u00e9servation de Chagu Chagu Umakko","og_description":"L&#8217;association Chagu Chagu Umakko est compos\u00e9e de personnes impliqu\u00e9es dans les d\u00e9fil\u00e9s et de personnes q [&hellip;]","og_url":"https:\/\/chaguuma.com\/fr\/club\/","og_site_name":"Page d&#039;accueil officielle de la Soci\u00e9t\u00e9 de pr\u00e9servation de Chagu Chagu Umakko","article_modified_time":"2024-04-12T10:15:38+00:00","og_image":[{"url":"http:\/\/chaguuma.com\/fr\/wp-content\/uploads\/2024\/03\/01club-top.webp","type":"","width":"","height":""}],"twitter_card":"summary_large_image","twitter_misc":{"\u63a8\u5b9a\u8aad\u307f\u53d6\u308a\u6642\u9593":"10\u5206"},"schema":{"@context":"https:\/\/schema.org","@graph":[{"@type":"WebPage","@id":"https:\/\/chaguuma.com\/fr\/club\/","url":"https:\/\/chaguuma.com\/fr\/club\/","name":"Association - Page d&#039;accueil officielle de la Soci\u00e9t\u00e9 de pr\u00e9servation de Chagu Chagu Umakko","isPartOf":{"@id":"https:\/\/chaguuma.com\/fr\/#website"},"primaryImageOfPage":{"@id":"https:\/\/chaguuma.com\/fr\/club\/#primaryimage"},"image":{"@id":"https:\/\/chaguuma.com\/fr\/club\/#primaryimage"},"thumbnailUrl":"http:\/\/chaguuma.com\/fr\/wp-content\/uploads\/2024\/03\/01club-top.webp","datePublished":"2024-03-13T12:19:12+00:00","dateModified":"2024-04-12T10:15:38+00:00","breadcrumb":{"@id":"https:\/\/chaguuma.com\/fr\/club\/#breadcrumb"},"inLanguage":"ja","potentialAction":[{"@type":"ReadAction","target":["https:\/\/chaguuma.com\/fr\/club\/"]}]},{"@type":"ImageObject","inLanguage":"ja","@id":"https:\/\/chaguuma.com\/fr\/club\/#primaryimage","url":"http:\/\/chaguuma.com\/fr\/wp-content\/uploads\/2024\/03\/01club-top.webp","contentUrl":"http:\/\/chaguuma.com\/fr\/wp-content\/uploads\/2024\/03\/01club-top.webp"},{"@type":"BreadcrumbList","@id":"https:\/\/chaguuma.com\/fr\/club\/#breadcrumb","itemListElement":[{"@type":"ListItem","position":1,"name":"premi\u00e8re page","item":"https:\/\/chaguuma.com\/fr\/"},{"@type":"ListItem","position":2,"name":"Association"}]},{"@type":"WebSite","@id":"https:\/\/chaguuma.com\/fr\/#website","url":"https:\/\/chaguuma.com\/fr\/","name":"\u30c1\u30e3\u30b0\u30c1\u30e3\u30b0\u99ac\u30b3\u4fdd\u5b58\u4f1a\u516c\u5f0f\u30db\u30fc\u30e0\u30da\u30fc\u30b8","description":"","potentialAction":[{"@type":"SearchAction","target":{"@type":"EntryPoint","urlTemplate":"https:\/\/chaguuma.com\/fr\/?s={search_term_string}"},"query-input":{"@type":"PropertyValueSpecification","valueRequired":true,"valueName":"search_term_string"}}],"inLanguage":"ja"}]}},"_links":{"self":[{"href":"https:\/\/chaguuma.com\/fr\/wp-json\/wp\/v2\/pages\/134","targetHints":{"allow":["GET"]}}],"collection":[{"href":"https:\/\/chaguuma.com\/fr\/wp-json\/wp\/v2\/pages"}],"about":[{"href":"https:\/\/chaguuma.com\/fr\/wp-json\/wp\/v2\/types\/page"}],"author":[{"embeddable":true,"href":"https:\/\/chaguuma.com\/fr\/wp-json\/wp\/v2\/users\/6"}],"replies":[{"embeddable":true,"href":"https:\/\/chaguuma.com\/fr\/wp-json\/wp\/v2\/comments?post=134"}],"version-history":[{"count":30,"href":"https:\/\/chaguuma.com\/fr\/wp-json\/wp\/v2\/pages\/134\/revisions"}],"predecessor-version":[{"id":552,"href":"https:\/\/chaguuma.com\/fr\/wp-json\/wp\/v2\/pages\/134\/revisions\/552"}],"wp:attachment":[{"href":"https:\/\/chaguuma.com\/fr\/wp-json\/wp\/v2\/media?parent=134"}],"curies":[{"name":"wp","href":"https:\/\/api.w.org\/{rel}","templated":true}]}}