{"id":138,"date":"2024-03-13T21:20:57","date_gmt":"2024-03-13T12:20:57","guid":{"rendered":"https:\/\/chaguuma.com\/fr\/?page_id=138"},"modified":"2024-04-12T19:23:12","modified_gmt":"2024-04-12T10:23:12","slug":"access","status":"publish","type":"page","link":"https:\/\/chaguuma.com\/fr\/access\/","title":{"rendered":"Acc\u00e8s"},"content":{"rendered":"\n<div class=\"wp-block-columns page-element-box is-layout-flex wp-container-core-columns-is-layout-9d6595d7 wp-block-columns-is-layout-flex\">\n<div class=\"wp-block-column is-layout-flow wp-block-column-is-layout-flow\">\n<h2 class=\"wp-block-heading\">Sanctuaire Onikoshi Sozen<\/h2>\n\n\n\n<p>Adresse : 100-3 Ukai Sotokubo, Takizawa City, Iwate Prefecture 020-0659<br>T\u00e9l\u00e9phone&nbsp;: +81 (0)19 684 2111 (Takizawa City Hall)<br>Acc\u00e8s:<br>De la gare de Morioka au Big Roof ou \u00e0 Takizawa City Hall<br>Environ 25 minutes en bus de la ligne Aoyamacho (Iwate-ken Kotsu)<br>Environ 26 minutes \u00e0 pied depuis Big Roof ou Takizawa City Hall<\/p>\n\n\n\n<p><\/p>\n<\/div>\n\n\n\n<div class=\"wp-block-column is-layout-flow wp-block-column-is-layout-flow\">\n<iframe src=\"https:\/\/www.google.com\/maps\/embed?pb=!1m18!1m12!1m3!1d3067.6489313989996!2d141.07192709999998!3d39.747536200000006!2m3!1f0!2f0!3f0!3m2!1i1024!2i768!4f13.1!3m3!1m2!1s0x5f85718c674e458b%3A0x873b90c13de22ba7!2z6ay86LaK6JK85YmN56We56S-!5e0!3m2!1sja!2sjp!4v1710641364908!5m2!1sfr!2sjp\" width=\"100%\" height=\"450\" style=\"border:0;\" allowfullscreen=\"\" loading=\"lazy\" referrerpolicy=\"no-referrer-when-downgrade\"><\/iframe>\n<\/div>\n<\/div>\n\n\n\n<div class=\"wp-block-columns page-element-box is-layout-flex wp-container-core-columns-is-layout-9d6595d7 wp-block-columns-is-layout-flex\">\n<div class=\"wp-block-column is-layout-flow wp-block-column-is-layout-flow\">\n<h2 class=\"wp-block-heading\">Sanctuaire Morioka Hachimangu<\/h2>\n\n\n\n<p>Adresse : 13-1 Hachimancho, Morioka City, Iwate Prefecture 020-0872<br>T\u00e9l\u00e9phone&nbsp;: +81 (0)19 652 5211 (Bureau du sanctuaire Morioka Hachimangu)<br>Acc\u00e8s :<br>De la gare de Morioka \u00e0 Morioka Bus Center<br>Environ 10 minutes en bus Iwate-ken Kotsu<br>Environ 10 minutes \u00e0 pied de Bus Center (600m)<\/p>\n\n\n\n<p><\/p>\n<\/div>\n\n\n\n<div class=\"wp-block-column is-layout-flow wp-block-column-is-layout-flow\">\n<iframe src=\"https:\/\/www.google.com\/maps\/embed?pb=!1m18!1m12!1m3!1d3069.9712753362123!2d141.1640378!3d39.695349799999995!2m3!1f0!2f0!3f0!3m2!1i1024!2i768!4f13.1!3m3!1m2!1s0x5f859d8f2af807a1%3A0x35bc8a8c8cd98f95!2z55ub5bKh5YWr5bmh5a6u!5e0!3m2!1sja!2sjp!4v1710641413777!5m2!1sfr!2sjp\" width=\"100%\" height=\"450\" style=\"border:0;\" allowfullscreen=\"\" loading=\"lazy\" referrerpolicy=\"no-referrer-when-downgrade\"><\/iframe>\n<\/div>\n<\/div>\n","protected":false},"excerpt":{"rendered":"<p>Sanctuaire Onikoshi Sozen Adresse : 100-3 Ukai Sotokubo, Takizawa City, Iwate Prefecture 020-0659T\u00e9l\u00e9phone&#038;nbs [&hellip;]<\/p>\n","protected":false},"author":6,"featured_media":0,"parent":0,"menu_order":70,"comment_status":"closed","ping_status":"closed","template":"","meta":{"footnotes":""},"class_list":["post-138","page","type-page","status-publish","hentry"],"yoast_head":"<!-- This site is optimized with the Yoast SEO plugin v27.4 - https:\/\/yoast.com\/product\/yoast-seo-wordpress\/ -->\n<title>Acc\u00e8s - Page d&#039;accueil officielle de la Soci\u00e9t\u00e9 de pr\u00e9servation de Chagu Chagu Umakko<\/title>\n<meta name=\"robots\" content=\"index, follow, max-snippet:-1, max-image-preview:large, max-video-preview:-1\" \/>\n<link rel=\"canonical\" href=\"https:\/\/chaguuma.com\/fr\/access\/\" \/>\n<meta property=\"og:locale\" content=\"ja_JP\" \/>\n<meta property=\"og:type\" content=\"article\" \/>\n<meta property=\"og:title\" content=\"Acc\u00e8s - Page d&#039;accueil officielle de la Soci\u00e9t\u00e9 de pr\u00e9servation de Chagu Chagu Umakko\" \/>\n<meta property=\"og:description\" content=\"Sanctuaire Onikoshi Sozen Adresse : 100-3 Ukai Sotokubo, Takizawa City, Iwate Prefecture 020-0659T\u00e9l\u00e9phone&amp;nbs [&hellip;]\" \/>\n<meta property=\"og:url\" content=\"https:\/\/chaguuma.com\/fr\/access\/\" \/>\n<meta property=\"og:site_name\" content=\"Page d&#039;accueil officielle de la Soci\u00e9t\u00e9 de pr\u00e9servation de Chagu Chagu Umakko\" \/>\n<meta property=\"article:modified_time\" content=\"2024-04-12T10:23:12+00:00\" \/>\n<meta name=\"twitter:card\" content=\"summary_large_image\" \/>\n<meta name=\"twitter:label1\" content=\"\u63a8\u5b9a\u8aad\u307f\u53d6\u308a\u6642\u9593\" \/>\n\t<meta name=\"twitter:data1\" content=\"2\u5206\" \/>\n<script type=\"application\/ld+json\" class=\"yoast-schema-graph\">{\"@context\":\"https:\\\/\\\/schema.org\",\"@graph\":[{\"@type\":\"WebPage\",\"@id\":\"https:\\\/\\\/chaguuma.com\\\/fr\\\/access\\\/\",\"url\":\"https:\\\/\\\/chaguuma.com\\\/fr\\\/access\\\/\",\"name\":\"Acc\u00e8s - Page d&#039;accueil officielle de la Soci\u00e9t\u00e9 de pr\u00e9servation de Chagu Chagu Umakko\",\"isPartOf\":{\"@id\":\"https:\\\/\\\/chaguuma.com\\\/fr\\\/#website\"},\"datePublished\":\"2024-03-13T12:20:57+00:00\",\"dateModified\":\"2024-04-12T10:23:12+00:00\",\"breadcrumb\":{\"@id\":\"https:\\\/\\\/chaguuma.com\\\/fr\\\/access\\\/#breadcrumb\"},\"inLanguage\":\"ja\",\"potentialAction\":[{\"@type\":\"ReadAction\",\"target\":[\"https:\\\/\\\/chaguuma.com\\\/fr\\\/access\\\/\"]}]},{\"@type\":\"BreadcrumbList\",\"@id\":\"https:\\\/\\\/chaguuma.com\\\/fr\\\/access\\\/#breadcrumb\",\"itemListElement\":[{\"@type\":\"ListItem\",\"position\":1,\"name\":\"premi\u00e8re page\",\"item\":\"https:\\\/\\\/chaguuma.com\\\/fr\\\/\"},{\"@type\":\"ListItem\",\"position\":2,\"name\":\"Acc\u00e8s\"}]},{\"@type\":\"WebSite\",\"@id\":\"https:\\\/\\\/chaguuma.com\\\/fr\\\/#website\",\"url\":\"https:\\\/\\\/chaguuma.com\\\/fr\\\/\",\"name\":\"\u30c1\u30e3\u30b0\u30c1\u30e3\u30b0\u99ac\u30b3\u4fdd\u5b58\u4f1a\u516c\u5f0f\u30db\u30fc\u30e0\u30da\u30fc\u30b8\",\"description\":\"\",\"potentialAction\":[{\"@type\":\"SearchAction\",\"target\":{\"@type\":\"EntryPoint\",\"urlTemplate\":\"https:\\\/\\\/chaguuma.com\\\/fr\\\/?s={search_term_string}\"},\"query-input\":{\"@type\":\"PropertyValueSpecification\",\"valueRequired\":true,\"valueName\":\"search_term_string\"}}],\"inLanguage\":\"ja\"}]}<\/script>\n<!-- \/ Yoast SEO plugin. -->","yoast_head_json":{"title":"Acc\u00e8s - Page d&#039;accueil officielle de la Soci\u00e9t\u00e9 de pr\u00e9servation de Chagu Chagu Umakko","robots":{"index":"index","follow":"follow","max-snippet":"max-snippet:-1","max-image-preview":"max-image-preview:large","max-video-preview":"max-video-preview:-1"},"canonical":"https:\/\/chaguuma.com\/fr\/access\/","og_locale":"ja_JP","og_type":"article","og_title":"Acc\u00e8s - Page d&#039;accueil officielle de la Soci\u00e9t\u00e9 de pr\u00e9servation de Chagu Chagu Umakko","og_description":"Sanctuaire Onikoshi Sozen Adresse : 100-3 Ukai Sotokubo, Takizawa City, Iwate Prefecture 020-0659T\u00e9l\u00e9phone&nbs [&hellip;]","og_url":"https:\/\/chaguuma.com\/fr\/access\/","og_site_name":"Page d&#039;accueil officielle de la Soci\u00e9t\u00e9 de pr\u00e9servation de Chagu Chagu Umakko","article_modified_time":"2024-04-12T10:23:12+00:00","twitter_card":"summary_large_image","twitter_misc":{"\u63a8\u5b9a\u8aad\u307f\u53d6\u308a\u6642\u9593":"2\u5206"},"schema":{"@context":"https:\/\/schema.org","@graph":[{"@type":"WebPage","@id":"https:\/\/chaguuma.com\/fr\/access\/","url":"https:\/\/chaguuma.com\/fr\/access\/","name":"Acc\u00e8s - Page d&#039;accueil officielle de la Soci\u00e9t\u00e9 de pr\u00e9servation de Chagu Chagu Umakko","isPartOf":{"@id":"https:\/\/chaguuma.com\/fr\/#website"},"datePublished":"2024-03-13T12:20:57+00:00","dateModified":"2024-04-12T10:23:12+00:00","breadcrumb":{"@id":"https:\/\/chaguuma.com\/fr\/access\/#breadcrumb"},"inLanguage":"ja","potentialAction":[{"@type":"ReadAction","target":["https:\/\/chaguuma.com\/fr\/access\/"]}]},{"@type":"BreadcrumbList","@id":"https:\/\/chaguuma.com\/fr\/access\/#breadcrumb","itemListElement":[{"@type":"ListItem","position":1,"name":"premi\u00e8re page","item":"https:\/\/chaguuma.com\/fr\/"},{"@type":"ListItem","position":2,"name":"Acc\u00e8s"}]},{"@type":"WebSite","@id":"https:\/\/chaguuma.com\/fr\/#website","url":"https:\/\/chaguuma.com\/fr\/","name":"\u30c1\u30e3\u30b0\u30c1\u30e3\u30b0\u99ac\u30b3\u4fdd\u5b58\u4f1a\u516c\u5f0f\u30db\u30fc\u30e0\u30da\u30fc\u30b8","description":"","potentialAction":[{"@type":"SearchAction","target":{"@type":"EntryPoint","urlTemplate":"https:\/\/chaguuma.com\/fr\/?s={search_term_string}"},"query-input":{"@type":"PropertyValueSpecification","valueRequired":true,"valueName":"search_term_string"}}],"inLanguage":"ja"}]}},"_links":{"self":[{"href":"https:\/\/chaguuma.com\/fr\/wp-json\/wp\/v2\/pages\/138","targetHints":{"allow":["GET"]}}],"collection":[{"href":"https:\/\/chaguuma.com\/fr\/wp-json\/wp\/v2\/pages"}],"about":[{"href":"https:\/\/chaguuma.com\/fr\/wp-json\/wp\/v2\/types\/page"}],"author":[{"embeddable":true,"href":"https:\/\/chaguuma.com\/fr\/wp-json\/wp\/v2\/users\/6"}],"replies":[{"embeddable":true,"href":"https:\/\/chaguuma.com\/fr\/wp-json\/wp\/v2\/comments?post=138"}],"version-history":[{"count":16,"href":"https:\/\/chaguuma.com\/fr\/wp-json\/wp\/v2\/pages\/138\/revisions"}],"predecessor-version":[{"id":556,"href":"https:\/\/chaguuma.com\/fr\/wp-json\/wp\/v2\/pages\/138\/revisions\/556"}],"wp:attachment":[{"href":"https:\/\/chaguuma.com\/fr\/wp-json\/wp\/v2\/media?parent=138"}],"curies":[{"name":"wp","href":"https:\/\/api.w.org\/{rel}","templated":true}]}}