{"id":3,"date":"2024-01-19T04:47:04","date_gmt":"2024-01-19T04:47:04","guid":{"rendered":"https:\/\/chaguuma.com\/fr\/?page_id=3"},"modified":"2024-07-22T05:55:52","modified_gmt":"2024-07-21T20:55:52","slug":"privacy-policy","status":"publish","type":"page","link":"https:\/\/chaguuma.com\/fr\/privacy-policy\/","title":{"rendered":"Politique de confidentialit\u00e9"},"content":{"rendered":"\n<div class=\"wp-block-columns page-element is-layout-flex wp-container-core-columns-is-layout-9d6595d7 wp-block-columns-is-layout-flex\">\n<div class=\"wp-block-column is-layout-flow wp-block-column-is-layout-flow\">\n<p>L&#8217;Association de pr\u00e9servation Chagu Chagu Umakko (ci-apr\u00e8s d\u00e9nomm\u00e9e \u00ab l&#8217;Association \u00bb) s&#8217;engage \u00e0 prot\u00e9ger votre vie priv\u00e9e en g\u00e9rant de mani\u00e8re appropri\u00e9e toutes les donn\u00e9es personnelles que vous fournissez sur ce site web, conform\u00e9ment aux crit\u00e8res suivants.<\/p>\n\n\n\n<h3 class=\"wp-block-heading\">\uff11\uff0eCollecte de donn\u00e9es personnelles<\/h3>\n\n\n\n<p>En principe, lors de la consultation de ce site, il n&#8217;est pas n\u00e9cessaire de fournir des donn\u00e9es personnelles telles que votre nom, votre num\u00e9ro de t\u00e9l\u00e9phone, votre adresse, votre adresse e-mail, ou autres.<br>Nous vous demandons de fournir des donn\u00e9es personnelles via ce site lorsque vous effectuez les actions suivantes :<\/p>\n\n\n\n<ul class=\"wp-block-list\">\n<li>Demande de divers services<\/li>\n\n\n\n<li>Demande de documents d&#8217;information\/demandes de renseignements<\/li>\n<\/ul>\n\n\n\n<h3 class=\"wp-block-heading\">\uff12\uff0eProtection des donn\u00e9es personnelles<\/h3>\n\n\n\n<p>Vos donn\u00e9es personnelles resteront confidentielles au sein de l&#8217;Association et ne seront pas divulgu\u00e9es ou fournies \u00e0 des tiers sans votre consentement, sauf dans les cas d\u00e9crits \u00e0 la section 3 \u00ab Utilisation des donn\u00e9es personnelles \u00bb.<br>L&#8217;Association d\u00e9signe des personnes responsables de la gestion des donn\u00e9es personnelles au sein de chaque d\u00e9partement ou division qui traite ces informations. Nous adh\u00e9rons \u00e0 cette politique et menons nos activit\u00e9s en cons\u00e9quence.<\/p>\n\n\n\n<h3 class=\"wp-block-heading\">\uff13\uff0eUtilisation des donn\u00e9es personnelles<\/h3>\n\n\n\n<p>Vos donn\u00e9es personnelles seront utilis\u00e9es dans la mesure minimale n\u00e9cessaire dans les cas suivants, mais peuvent \u00eatre divulgu\u00e9es \u00e0 des tiers pour une telle utilisation. Dans ce cas, l&#8217;Association demandera au tiers concern\u00e9 de prot\u00e9ger les donn\u00e9es personnelles conform\u00e9ment aux pr\u00e9sentes lignes directrices relatives au traitement des donn\u00e9es personnelles.<\/p>\n\n\n\n<ul class=\"wp-block-list\">\n<li>Lorsque l&#8217;Association publie des informations sur ce site Web \u00e0 des fins de planification et d&#8217;am\u00e9lioration des services.<\/li>\n\n\n\n<li>Lorsque l&#8217;Association effectue une agr\u00e9gation et une analyse afin de planifier et d&#8217;am\u00e9liorer ses services.<\/li>\n\n\n\n<li>Lorsque l&#8217;Association effectue des mailings directs contenant des informations sur ses services.<\/li>\n\n\n\n<li>Lorsqu&#8217;il existe un danger imminent pour la vie, le corps ou les propri\u00e9t\u00e9s d&#8217;une personne, etc. et qu&#8217;il y a une n\u00e9cessit\u00e9 urgente de le faire.<\/li>\n<\/ul>\n\n\n\n<h3 class=\"wp-block-heading\">\uff14\uff0eRespect des volont\u00e9s<\/h3>\n\n\n\n<p>Si vous souhaitez corriger, supprimer ou refuser l&#8217;utilisation vos donn\u00e9es personnelles, nous respecterons votre volont\u00e9 et vous r\u00e9pondrons rapidement dans des d\u00e9lais raisonnables. Toutefois, veuillez noter qu&#8217;\u00e0 la suite de ces proc\u00e9dures, vous ne serez plus en mesure d&#8217;ex\u00e9cuter les services que vous avez sollicit\u00e9, ou que tout autre dommage, y compris les dommages sp\u00e9ciaux, r\u00e9sultant de ces proc\u00e9dures sera \u00e0 votre charge. L&#8217;Association ne sera en aucun cas tenue responsable.<\/p>\n\n\n\n<h3 class=\"wp-block-heading\">\uff15\uff0eUtilisation des cookies<\/h3>\n\n\n\n<p>Afin de rendre le site Web plus pratique \u00e0 utiliser et de suivre votre historique de navigation, certaines pages de ce site Web utilisent la technologie appel\u00e9e \u00ab cookies \u00bb.<br>Les cookies sont une technologie de standard industriel qui permet aux serveurs Web d&#8217;identifier votre ordinateur. Les cookies de ce site ne collectent pas d&#8217;informations pour vous identifier personnellement. En fonction de votre navigateur, vous pourrez d\u00e9sactiver la fonctionnalit\u00e9 des cookies en modifiant vos param\u00e8tres. Veuillez noter toutefois que si vous d\u00e9sactivez les cookies, il se peut que certains ou tous les services de ce site ne soient pas disponibles. L&#8217;Association prot\u00e9gera \u00e9galement les informations obtenues via les cookies conform\u00e9ment \u00e0 la pr\u00e9sente politique.<\/p>\n\n\n\n<h3 class=\"wp-block-heading\">\uff16\uff0eMesures de s\u00e9curit\u00e9<\/h3>\n\n\n\n<p>L&#8217;Association s&#8217;efforce de prendre des mesures de s\u00e9curit\u00e9 raisonnables, tant sur le plan technique qu&#8217;organisationnel, contre les risques tels que l&#8217;acc\u00e8s non autoris\u00e9 aux donn\u00e9es personnelles ou la perte, la destruction, l&#8217;alt\u00e9ration, la divulgation et d&#8217;autres dangers de ce type concernant les donn\u00e9es personnelles.<\/p>\n\n\n\n<h3 class=\"wp-block-heading\">\uff17\uff0eR\u00e9vision de la pr\u00e9sente politique<\/h3>\n\n\n\n<p>L&#8217;Association examinera et am\u00e9liorera convenablement les mesures dans chacune des sections ci-dessus, concernant les donn\u00e9es personnelles qu&#8217;elle poss\u00e8de.<\/p>\n<\/div>\n<\/div>\n","protected":false},"excerpt":{"rendered":"<p>L&#8217;Association de pr\u00e9servation Chagu Chagu Umakko (ci-apr\u00e8s d\u00e9nomm\u00e9e \u00ab l&#8217;Association \u00bb) s&#8217;eng [&hellip;]<\/p>\n","protected":false},"author":6,"featured_media":0,"parent":0,"menu_order":90,"comment_status":"closed","ping_status":"closed","template":"","meta":{"footnotes":""},"class_list":["post-3","page","type-page","status-publish","hentry"],"yoast_head":"<!-- This site is optimized with the Yoast SEO plugin v27.4 - https:\/\/yoast.com\/product\/yoast-seo-wordpress\/ -->\n<title>Politique de confidentialit\u00e9 - Page d&#039;accueil officielle de la Soci\u00e9t\u00e9 de pr\u00e9servation de Chagu Chagu Umakko<\/title>\n<meta name=\"robots\" content=\"index, follow, max-snippet:-1, max-image-preview:large, max-video-preview:-1\" \/>\n<link rel=\"canonical\" href=\"https:\/\/chaguuma.com\/fr\/privacy-policy\/\" \/>\n<meta property=\"og:locale\" content=\"ja_JP\" \/>\n<meta property=\"og:type\" content=\"article\" \/>\n<meta property=\"og:title\" content=\"Politique de confidentialit\u00e9 - Page d&#039;accueil officielle de la Soci\u00e9t\u00e9 de pr\u00e9servation de Chagu Chagu Umakko\" \/>\n<meta property=\"og:description\" content=\"L&#8217;Association de pr\u00e9servation Chagu Chagu Umakko (ci-apr\u00e8s d\u00e9nomm\u00e9e \u00ab l&#8217;Association \u00bb) s&#8217;eng [&hellip;]\" \/>\n<meta property=\"og:url\" content=\"https:\/\/chaguuma.com\/fr\/privacy-policy\/\" \/>\n<meta property=\"og:site_name\" content=\"Page d&#039;accueil officielle de la Soci\u00e9t\u00e9 de pr\u00e9servation de Chagu Chagu Umakko\" \/>\n<meta property=\"article:modified_time\" content=\"2024-07-21T20:55:52+00:00\" \/>\n<meta name=\"twitter:card\" content=\"summary_large_image\" \/>\n<meta name=\"twitter:label1\" content=\"\u63a8\u5b9a\u8aad\u307f\u53d6\u308a\u6642\u9593\" \/>\n\t<meta name=\"twitter:data1\" content=\"10\u5206\" \/>\n<script type=\"application\/ld+json\" class=\"yoast-schema-graph\">{\"@context\":\"https:\\\/\\\/schema.org\",\"@graph\":[{\"@type\":\"WebPage\",\"@id\":\"https:\\\/\\\/chaguuma.com\\\/fr\\\/privacy-policy\\\/\",\"url\":\"https:\\\/\\\/chaguuma.com\\\/fr\\\/privacy-policy\\\/\",\"name\":\"Politique de confidentialit\u00e9 - Page d&#039;accueil officielle de la Soci\u00e9t\u00e9 de pr\u00e9servation de Chagu Chagu Umakko\",\"isPartOf\":{\"@id\":\"https:\\\/\\\/chaguuma.com\\\/fr\\\/#website\"},\"datePublished\":\"2024-01-19T04:47:04+00:00\",\"dateModified\":\"2024-07-21T20:55:52+00:00\",\"breadcrumb\":{\"@id\":\"https:\\\/\\\/chaguuma.com\\\/fr\\\/privacy-policy\\\/#breadcrumb\"},\"inLanguage\":\"ja\",\"potentialAction\":[{\"@type\":\"ReadAction\",\"target\":[\"https:\\\/\\\/chaguuma.com\\\/fr\\\/privacy-policy\\\/\"]}]},{\"@type\":\"BreadcrumbList\",\"@id\":\"https:\\\/\\\/chaguuma.com\\\/fr\\\/privacy-policy\\\/#breadcrumb\",\"itemListElement\":[{\"@type\":\"ListItem\",\"position\":1,\"name\":\"premi\u00e8re page\",\"item\":\"https:\\\/\\\/chaguuma.com\\\/fr\\\/\"},{\"@type\":\"ListItem\",\"position\":2,\"name\":\"Politique de confidentialit\u00e9\"}]},{\"@type\":\"WebSite\",\"@id\":\"https:\\\/\\\/chaguuma.com\\\/fr\\\/#website\",\"url\":\"https:\\\/\\\/chaguuma.com\\\/fr\\\/\",\"name\":\"\u30c1\u30e3\u30b0\u30c1\u30e3\u30b0\u99ac\u30b3\u4fdd\u5b58\u4f1a\u516c\u5f0f\u30db\u30fc\u30e0\u30da\u30fc\u30b8\",\"description\":\"\",\"potentialAction\":[{\"@type\":\"SearchAction\",\"target\":{\"@type\":\"EntryPoint\",\"urlTemplate\":\"https:\\\/\\\/chaguuma.com\\\/fr\\\/?s={search_term_string}\"},\"query-input\":{\"@type\":\"PropertyValueSpecification\",\"valueRequired\":true,\"valueName\":\"search_term_string\"}}],\"inLanguage\":\"ja\"}]}<\/script>\n<!-- \/ Yoast SEO plugin. -->","yoast_head_json":{"title":"Politique de confidentialit\u00e9 - Page d&#039;accueil officielle de la Soci\u00e9t\u00e9 de pr\u00e9servation de Chagu Chagu Umakko","robots":{"index":"index","follow":"follow","max-snippet":"max-snippet:-1","max-image-preview":"max-image-preview:large","max-video-preview":"max-video-preview:-1"},"canonical":"https:\/\/chaguuma.com\/fr\/privacy-policy\/","og_locale":"ja_JP","og_type":"article","og_title":"Politique de confidentialit\u00e9 - Page d&#039;accueil officielle de la Soci\u00e9t\u00e9 de pr\u00e9servation de Chagu Chagu Umakko","og_description":"L&#8217;Association de pr\u00e9servation Chagu Chagu Umakko (ci-apr\u00e8s d\u00e9nomm\u00e9e \u00ab l&#8217;Association \u00bb) s&#8217;eng [&hellip;]","og_url":"https:\/\/chaguuma.com\/fr\/privacy-policy\/","og_site_name":"Page d&#039;accueil officielle de la Soci\u00e9t\u00e9 de pr\u00e9servation de Chagu Chagu Umakko","article_modified_time":"2024-07-21T20:55:52+00:00","twitter_card":"summary_large_image","twitter_misc":{"\u63a8\u5b9a\u8aad\u307f\u53d6\u308a\u6642\u9593":"10\u5206"},"schema":{"@context":"https:\/\/schema.org","@graph":[{"@type":"WebPage","@id":"https:\/\/chaguuma.com\/fr\/privacy-policy\/","url":"https:\/\/chaguuma.com\/fr\/privacy-policy\/","name":"Politique de confidentialit\u00e9 - Page d&#039;accueil officielle de la Soci\u00e9t\u00e9 de pr\u00e9servation de Chagu Chagu Umakko","isPartOf":{"@id":"https:\/\/chaguuma.com\/fr\/#website"},"datePublished":"2024-01-19T04:47:04+00:00","dateModified":"2024-07-21T20:55:52+00:00","breadcrumb":{"@id":"https:\/\/chaguuma.com\/fr\/privacy-policy\/#breadcrumb"},"inLanguage":"ja","potentialAction":[{"@type":"ReadAction","target":["https:\/\/chaguuma.com\/fr\/privacy-policy\/"]}]},{"@type":"BreadcrumbList","@id":"https:\/\/chaguuma.com\/fr\/privacy-policy\/#breadcrumb","itemListElement":[{"@type":"ListItem","position":1,"name":"premi\u00e8re page","item":"https:\/\/chaguuma.com\/fr\/"},{"@type":"ListItem","position":2,"name":"Politique de confidentialit\u00e9"}]},{"@type":"WebSite","@id":"https:\/\/chaguuma.com\/fr\/#website","url":"https:\/\/chaguuma.com\/fr\/","name":"\u30c1\u30e3\u30b0\u30c1\u30e3\u30b0\u99ac\u30b3\u4fdd\u5b58\u4f1a\u516c\u5f0f\u30db\u30fc\u30e0\u30da\u30fc\u30b8","description":"","potentialAction":[{"@type":"SearchAction","target":{"@type":"EntryPoint","urlTemplate":"https:\/\/chaguuma.com\/fr\/?s={search_term_string}"},"query-input":{"@type":"PropertyValueSpecification","valueRequired":true,"valueName":"search_term_string"}}],"inLanguage":"ja"}]}},"_links":{"self":[{"href":"https:\/\/chaguuma.com\/fr\/wp-json\/wp\/v2\/pages\/3","targetHints":{"allow":["GET"]}}],"collection":[{"href":"https:\/\/chaguuma.com\/fr\/wp-json\/wp\/v2\/pages"}],"about":[{"href":"https:\/\/chaguuma.com\/fr\/wp-json\/wp\/v2\/types\/page"}],"author":[{"embeddable":true,"href":"https:\/\/chaguuma.com\/fr\/wp-json\/wp\/v2\/users\/6"}],"replies":[{"embeddable":true,"href":"https:\/\/chaguuma.com\/fr\/wp-json\/wp\/v2\/comments?post=3"}],"version-history":[{"count":9,"href":"https:\/\/chaguuma.com\/fr\/wp-json\/wp\/v2\/pages\/3\/revisions"}],"predecessor-version":[{"id":554,"href":"https:\/\/chaguuma.com\/fr\/wp-json\/wp\/v2\/pages\/3\/revisions\/554"}],"wp:attachment":[{"href":"https:\/\/chaguuma.com\/fr\/wp-json\/wp\/v2\/media?parent=3"}],"curies":[{"name":"wp","href":"https:\/\/api.w.org\/{rel}","templated":true}]}}