{"id":355,"date":"2024-03-16T19:20:01","date_gmt":"2024-03-16T10:20:01","guid":{"rendered":"https:\/\/chaguuma.com\/fr\/?page_id=355"},"modified":"2024-09-11T14:43:21","modified_gmt":"2024-09-11T05:43:21","slug":"making-manjyuu","status":"publish","type":"page","link":"https:\/\/chaguuma.com\/fr\/costume\/making-manjyuu\/","title":{"rendered":"Faire des petits pains cuits \u00e0 la vapeur"},"content":{"rendered":"\n    <div\n      class=\"page-element-box\"\n      style=\"padding: 56.25% 0 0 0; position: relative\"\n    >\n      <iframe\n        src=\"https:\/\/player.vimeo.com\/video\/1005013305?texttrack=en&amp;badge=0&amp;autopause=0&amp;player_id=0&amp;app_id=58479\"\n        frameborder=\"0\"\n        allow=\"autoplay; fullscreen; picture-in-picture; clipboard-write\"\n        style=\"position: absolute; top: 0; left: 0; width: 100%; height: 100%\"\n        title=\"Making Manju (Studs)\"\n      ><\/iframe>\n    <\/div>\n    <script src=\"https:\/\/player.vimeo.com\/api\/player.js\"><\/script>\n\n","protected":false},"excerpt":{"rendered":"","protected":false},"author":6,"featured_media":0,"parent":132,"menu_order":30,"comment_status":"closed","ping_status":"closed","template":"","meta":{"footnotes":""},"class_list":["post-355","page","type-page","status-publish","hentry"],"yoast_head":"<!-- This site is optimized with the Yoast SEO plugin v27.4 - https:\/\/yoast.com\/product\/yoast-seo-wordpress\/ -->\n<title>Faire des petits pains cuits \u00e0 la vapeur - Page d&#039;accueil officielle de la Soci\u00e9t\u00e9 de pr\u00e9servation de Chagu Chagu Umakko<\/title>\n<meta name=\"robots\" content=\"index, follow, max-snippet:-1, max-image-preview:large, max-video-preview:-1\" \/>\n<link rel=\"canonical\" href=\"https:\/\/chaguuma.com\/fr\/costume\/making-manjyuu\/\" \/>\n<meta property=\"og:locale\" content=\"ja_JP\" \/>\n<meta property=\"og:type\" content=\"article\" \/>\n<meta property=\"og:title\" content=\"Faire des petits pains cuits \u00e0 la vapeur - Page d&#039;accueil officielle de la Soci\u00e9t\u00e9 de pr\u00e9servation de Chagu Chagu Umakko\" \/>\n<meta property=\"og:url\" content=\"https:\/\/chaguuma.com\/fr\/costume\/making-manjyuu\/\" \/>\n<meta property=\"og:site_name\" content=\"Page d&#039;accueil officielle de la Soci\u00e9t\u00e9 de pr\u00e9servation de Chagu Chagu Umakko\" \/>\n<meta property=\"article:modified_time\" content=\"2024-09-11T05:43:21+00:00\" \/>\n<meta name=\"twitter:card\" content=\"summary_large_image\" \/>\n<script type=\"application\/ld+json\" class=\"yoast-schema-graph\">{\"@context\":\"https:\\\/\\\/schema.org\",\"@graph\":[{\"@type\":\"WebPage\",\"@id\":\"https:\\\/\\\/chaguuma.com\\\/fr\\\/costume\\\/making-manjyuu\\\/\",\"url\":\"https:\\\/\\\/chaguuma.com\\\/fr\\\/costume\\\/making-manjyuu\\\/\",\"name\":\"Faire des petits pains cuits \u00e0 la vapeur - Page d&#039;accueil officielle de la Soci\u00e9t\u00e9 de pr\u00e9servation de Chagu Chagu Umakko\",\"isPartOf\":{\"@id\":\"https:\\\/\\\/chaguuma.com\\\/fr\\\/#website\"},\"datePublished\":\"2024-03-16T10:20:01+00:00\",\"dateModified\":\"2024-09-11T05:43:21+00:00\",\"breadcrumb\":{\"@id\":\"https:\\\/\\\/chaguuma.com\\\/fr\\\/costume\\\/making-manjyuu\\\/#breadcrumb\"},\"inLanguage\":\"ja\",\"potentialAction\":[{\"@type\":\"ReadAction\",\"target\":[\"https:\\\/\\\/chaguuma.com\\\/fr\\\/costume\\\/making-manjyuu\\\/\"]}]},{\"@type\":\"BreadcrumbList\",\"@id\":\"https:\\\/\\\/chaguuma.com\\\/fr\\\/costume\\\/making-manjyuu\\\/#breadcrumb\",\"itemListElement\":[{\"@type\":\"ListItem\",\"position\":1,\"name\":\"premi\u00e8re page\",\"item\":\"https:\\\/\\\/chaguuma.com\\\/fr\\\/\"},{\"@type\":\"ListItem\",\"position\":2,\"name\":\"Costumes\",\"item\":\"https:\\\/\\\/chaguuma.com\\\/fr\\\/costume\\\/\"},{\"@type\":\"ListItem\",\"position\":3,\"name\":\"Faire des petits pains cuits \u00e0 la vapeur\"}]},{\"@type\":\"WebSite\",\"@id\":\"https:\\\/\\\/chaguuma.com\\\/fr\\\/#website\",\"url\":\"https:\\\/\\\/chaguuma.com\\\/fr\\\/\",\"name\":\"\u30c1\u30e3\u30b0\u30c1\u30e3\u30b0\u99ac\u30b3\u4fdd\u5b58\u4f1a\u516c\u5f0f\u30db\u30fc\u30e0\u30da\u30fc\u30b8\",\"description\":\"\",\"potentialAction\":[{\"@type\":\"SearchAction\",\"target\":{\"@type\":\"EntryPoint\",\"urlTemplate\":\"https:\\\/\\\/chaguuma.com\\\/fr\\\/?s={search_term_string}\"},\"query-input\":{\"@type\":\"PropertyValueSpecification\",\"valueRequired\":true,\"valueName\":\"search_term_string\"}}],\"inLanguage\":\"ja\"}]}<\/script>\n<!-- \/ Yoast SEO plugin. -->","yoast_head_json":{"title":"Faire des petits pains cuits \u00e0 la vapeur - Page d&#039;accueil officielle de la Soci\u00e9t\u00e9 de pr\u00e9servation de Chagu Chagu Umakko","robots":{"index":"index","follow":"follow","max-snippet":"max-snippet:-1","max-image-preview":"max-image-preview:large","max-video-preview":"max-video-preview:-1"},"canonical":"https:\/\/chaguuma.com\/fr\/costume\/making-manjyuu\/","og_locale":"ja_JP","og_type":"article","og_title":"Faire des petits pains cuits \u00e0 la vapeur - Page d&#039;accueil officielle de la Soci\u00e9t\u00e9 de pr\u00e9servation de Chagu Chagu Umakko","og_url":"https:\/\/chaguuma.com\/fr\/costume\/making-manjyuu\/","og_site_name":"Page d&#039;accueil officielle de la Soci\u00e9t\u00e9 de pr\u00e9servation de Chagu Chagu Umakko","article_modified_time":"2024-09-11T05:43:21+00:00","twitter_card":"summary_large_image","schema":{"@context":"https:\/\/schema.org","@graph":[{"@type":"WebPage","@id":"https:\/\/chaguuma.com\/fr\/costume\/making-manjyuu\/","url":"https:\/\/chaguuma.com\/fr\/costume\/making-manjyuu\/","name":"Faire des petits pains cuits \u00e0 la vapeur - Page d&#039;accueil officielle de la Soci\u00e9t\u00e9 de pr\u00e9servation de Chagu Chagu Umakko","isPartOf":{"@id":"https:\/\/chaguuma.com\/fr\/#website"},"datePublished":"2024-03-16T10:20:01+00:00","dateModified":"2024-09-11T05:43:21+00:00","breadcrumb":{"@id":"https:\/\/chaguuma.com\/fr\/costume\/making-manjyuu\/#breadcrumb"},"inLanguage":"ja","potentialAction":[{"@type":"ReadAction","target":["https:\/\/chaguuma.com\/fr\/costume\/making-manjyuu\/"]}]},{"@type":"BreadcrumbList","@id":"https:\/\/chaguuma.com\/fr\/costume\/making-manjyuu\/#breadcrumb","itemListElement":[{"@type":"ListItem","position":1,"name":"premi\u00e8re page","item":"https:\/\/chaguuma.com\/fr\/"},{"@type":"ListItem","position":2,"name":"Costumes","item":"https:\/\/chaguuma.com\/fr\/costume\/"},{"@type":"ListItem","position":3,"name":"Faire des petits pains cuits \u00e0 la vapeur"}]},{"@type":"WebSite","@id":"https:\/\/chaguuma.com\/fr\/#website","url":"https:\/\/chaguuma.com\/fr\/","name":"\u30c1\u30e3\u30b0\u30c1\u30e3\u30b0\u99ac\u30b3\u4fdd\u5b58\u4f1a\u516c\u5f0f\u30db\u30fc\u30e0\u30da\u30fc\u30b8","description":"","potentialAction":[{"@type":"SearchAction","target":{"@type":"EntryPoint","urlTemplate":"https:\/\/chaguuma.com\/fr\/?s={search_term_string}"},"query-input":{"@type":"PropertyValueSpecification","valueRequired":true,"valueName":"search_term_string"}}],"inLanguage":"ja"}]}},"_links":{"self":[{"href":"https:\/\/chaguuma.com\/fr\/wp-json\/wp\/v2\/pages\/355","targetHints":{"allow":["GET"]}}],"collection":[{"href":"https:\/\/chaguuma.com\/fr\/wp-json\/wp\/v2\/pages"}],"about":[{"href":"https:\/\/chaguuma.com\/fr\/wp-json\/wp\/v2\/types\/page"}],"author":[{"embeddable":true,"href":"https:\/\/chaguuma.com\/fr\/wp-json\/wp\/v2\/users\/6"}],"replies":[{"embeddable":true,"href":"https:\/\/chaguuma.com\/fr\/wp-json\/wp\/v2\/comments?post=355"}],"version-history":[{"count":6,"href":"https:\/\/chaguuma.com\/fr\/wp-json\/wp\/v2\/pages\/355\/revisions"}],"predecessor-version":[{"id":573,"href":"https:\/\/chaguuma.com\/fr\/wp-json\/wp\/v2\/pages\/355\/revisions\/573"}],"up":[{"embeddable":true,"href":"https:\/\/chaguuma.com\/fr\/wp-json\/wp\/v2\/pages\/132"}],"wp:attachment":[{"href":"https:\/\/chaguuma.com\/fr\/wp-json\/wp\/v2\/media?parent=355"}],"curies":[{"name":"wp","href":"https:\/\/api.w.org\/{rel}","templated":true}]}}